{"id":9398,"date":"2020-09-22T17:32:15","date_gmt":"2020-09-22T22:32:15","guid":{"rendered":"https:\/\/www.taz.ca\/concentration-sport-skateboard\/"},"modified":"2025-09-19T13:13:07","modified_gmt":"2025-09-19T18:13:07","slug":"concentration-sport-skateboard","status":"publish","type":"page","link":"https:\/\/www.taz.ca\/en\/concentration-sport-skateboard\/","title":{"rendered":"Concentration Sport Skateboard (in french only)"},"content":{"rendered":"<div class=\"wpb-content-wrapper\"><p>[vc_row tlg_background_style=&#8221;bg-secondary&#8221; css=&#8221;.vc_custom_1556796609963{padding-bottom: 10px !important;background-image: url(https:\/\/www.taz.ca\/wp-content\/uploads\/2016\/02\/bg-texture.jpg?id=5771) !important;}&#8221; el_class=&#8221;titlerows&#8221;][vc_column][vc_single_image image=&#8221;10365&#8243; img_size=&#8221;full&#8221; alignment=&#8221;center&#8221; title=&#8221;Concentration Sport Skateboard&#8221; el_class=&#8221;title-contact&#8221;][\/vc_column][\/vc_row][vc_row full_width=&#8221;stretch_row_content&#8221; tlg_padding=&#8221;pt0 pb0&#8243; css=&#8221;.vc_custom_1600893809063{margin-top: 20px !important;}&#8221; el_id=&#8221;addtopmarg&#8221;][vc_column width=&#8221;1\/12&#8243;][\/vc_column][vc_column width=&#8221;5\/6&#8243; css=&#8221;.vc_custom_1600894474293{padding-top: 7px !important;padding-bottom: 7px !important;}&#8221;][vc_row_inner][vc_column_inner width=&#8221;1\/3&#8243;][vc_single_image image=&#8221;9197&#8243; img_size=&#8221;300&#215;200&#8243;][\/vc_column_inner][vc_column_inner width=&#8221;1\/3&#8243;][vc_single_image image=&#8221;9183&#8243; img_size=&#8221;300&#215;200&#8243;][\/vc_column_inner][vc_column_inner width=&#8221;1\/3&#8243;][vc_single_image image=&#8221;9383&#8243; img_size=&#8221;300&#215;200&#8243; alignment=&#8221;center&#8221;][\/vc_column_inner][\/vc_row_inner][\/vc_column][vc_column width=&#8221;1\/12&#8243;][\/vc_column][\/vc_row][vc_row full_width=&#8221;stretch_row_content&#8221; tlg_padding=&#8221;pt0 pb0&#8243; css=&#8221;.vc_custom_1600893824615{margin-top: 20px !important;}&#8221;][vc_column width=&#8221;1\/12&#8243;][\/vc_column][vc_column width=&#8221;5\/6&#8243; css=&#8221;.vc_custom_1521561688834{padding-top: 7px !important;padding-bottom: 7px !important;background-color: #c40000 !important;}&#8221;]<div class=\"headings-title\"><div class=\"mb0 mb16 mb-xs-40 text-center\"><h5 style=\"color:#ffffff!important;font-size:23px;line-height:33px;text-transform: uppercase!important;\" class=\"widgettitle mb0\">Un mot sur le programme<\/h5><\/div><\/div>[\/vc_column][vc_column width=&#8221;1\/12&#8243;][\/vc_column][\/vc_row][vc_row full_width=&#8221;stretch_row_content&#8221; tlg_padding=&#8221;pt0 pb0&#8243; tlg_parallax=&#8221;not-parallax&#8221;][vc_column width=&#8221;1\/12&#8243;][\/vc_column][vc_column width=&#8221;5\/6&#8243; css=&#8221;.vc_custom_1521664672776{border-right-width: 1px !important;border-left-width: 1px !important;padding-top: 10px !important;padding-bottom: 10px !important;border-left-color: #d3d3d3 !important;border-left-style: solid !important;border-right-color: #d3d3d3 !important;border-right-style: solid !important;}&#8221;][vc_column_text css=&#8221;&#8221;]Depuis 1996, Le TAZ a form\u00e9 des centaines d\u2019adeptes de skateboard faisant de notre \u00e9quipe d\u2019entraineurs une ressource qualifi\u00e9e et une r\u00e9f\u00e9rence incontournable. C\u2019est \u00e0 l\u2019automne 2021 que l\u2019\u00e9quipe du TAZ deviendra naturellement un trait d\u2019union entre l\u2019\u00e9cole et une passion sportive commune\u00a0: le skateboard.<\/p>\n<p>\u00c0 l\u2019image du d\u00e9fi auquel fait face la jeunesse lors de son passage au secondaire, la pratique du skateboard exige elle aussi de la motivation, de la pers\u00e9v\u00e9rance et de la discipline, \u00e9l\u00e9ments essentiels \u00e0 la performance. L\u2019\u00e9quipe du TAZ, forte de plus 20 ans d\u2019exp\u00e9rience, tient \u00e0 accompagner les \u00e9l\u00e8ves-athl\u00e8tes dans cette aventure sportive incontournable mettant en lumi\u00e8re la pratique du skateboard.<\/p>\n<p>L\u2019\u00e9quipe du TAZ est heureuse d\u2019offrir un programme exaltant pour les jeunes depuis 2021 en partenariat avec l\u2019\u00e9cole secondaire \u00c9douard-Montpetit. Nous sommes ouverts \u00e0 collaborer avec d\u2019autres institutions scolaires aussi. Contactez-nous !<\/p>\n<p style=\"text-align: center;\"><strong>Programme concentration sport | Skateboard :<br \/>\nD\u00e9passement | Installations de qualit\u00e9 | Entra\u00eeneurs qualifi\u00e9s | Programme unique en son genre<\/strong><br \/>\n<strong>PR\u00caT \u00c0 PASSER \u00c0 L&#8217;ACTION ?<\/strong><\/p>\n<p>[\/vc_column_text][vc_row_inner css=&#8221;.vc_custom_1600895964456{margin-top: 30px !important;margin-right: 30px !important;margin-bottom: 30px !important;margin-left: 30px !important;}&#8221;][vc_column_inner width=&#8221;1\/4&#8243;][vc_single_image image=&#8221;9386&#8243; img_size=&#8221;300&#215;127&#8243; alignment=&#8221;center&#8221;][\/vc_column_inner][vc_column_inner width=&#8221;1\/4&#8243;][vc_single_image image=&#8221;9389&#8243; css=&#8221;&#8221;][\/vc_column_inner][vc_column_inner width=&#8221;1\/4&#8243;][vc_single_image image=&#8221;9391&#8243; css=&#8221;&#8221;][\/vc_column_inner][vc_column_inner width=&#8221;1\/4&#8243;][vc_column_text css=&#8221;.vc_custom_1716578780033{background-color: #e5e5e5 !important;border-radius: 5px !important;border-color: #000000 !important;}&#8221;]<\/p>\n<p style=\"text-align: center;\"><strong>\u2026<br \/>\nNous sommes ouverts \u00e0 accueillir des jeunes en provenance de diff\u00e9rents \u00e9tablissements scolaires. Contactez-nous !<\/strong><\/p>\n<p>[\/vc_column_text][\/vc_column_inner][\/vc_row_inner][\/vc_column][vc_column width=&#8221;1\/12&#8243;][\/vc_column][\/vc_row][vc_row full_width=&#8221;stretch_row_content&#8221; tlg_padding=&#8221;pt0 pb0&#8243; css=&#8221;.vc_custom_1600893850223{margin-top: 20px !important;}&#8221;][vc_column width=&#8221;1\/12&#8243;][\/vc_column][vc_column width=&#8221;5\/6&#8243; css=&#8221;.vc_custom_1521561688834{padding-top: 7px !important;padding-bottom: 7px !important;background-color: #c40000 !important;}&#8221;]<div class=\"headings-title\"><div class=\"mb0 mb16 mb-xs-40 text-center\"><h5 style=\"color:#ffffff!important;font-size:23px;line-height:33px;text-transform: uppercase!important;\" class=\"widgettitle mb0\">LES GRANDES LIGNES DU PROGRAMME<\/h5><\/div><\/div>[\/vc_column][vc_column width=&#8221;1\/12&#8243;][\/vc_column][\/vc_row][vc_row tlg_padding=&#8221;pt0 pb0&#8243; tlg_parallax=&#8221;not-parallax&#8221;][vc_column width=&#8221;1\/12&#8243;][\/vc_column][vc_column width=&#8221;5\/6&#8243; css=&#8221;.vc_custom_1521664672776{border-right-width: 1px !important;border-left-width: 1px !important;padding-top: 10px !important;padding-bottom: 10px !important;border-left-color: #d3d3d3 !important;border-left-style: solid !important;border-right-color: #d3d3d3 !important;border-right-style: solid !important;}&#8221;][vc_column_text css=&#8221;&#8221;]<strong>Groupe d\u2019\u00e2ge vis\u00e9\u00a0:<br \/>\n<\/strong>Les \u00e9tudiants et les \u00e9tudiantes de secondaire I \u00e0 V.<\/p>\n<p><strong>Niveau d\u2019habilet\u00e9 requis\u00a0:<br \/>\n<\/strong>Du d\u00e9butant (avec une base minimum) \u00e0 expert<\/p>\n<p><strong>Objectifs g\u00e9n\u00e9raux\u00a0:<br \/>\n<\/strong>&#8211; Encourager l\u2019\u00e9thique de travail et l\u2019implication de l\u2019\u00e9l\u00e8ve dans son apprentissage<br \/>\n&#8211; Favoriser l\u2019engagement de l\u2019\u00e9l\u00e8ve dans sa r\u00e9ussite scolaire<br \/>\n&#8211; Encourager un mode de vie sain et actif<\/p>\n<p><strong>Objectifs sp\u00e9cifiques\u00a0:<br \/>\n<\/strong>&#8211; D\u00e9veloppement de l\u2019\u00e9l\u00e8ve-athl\u00e8te dans des installations s\u00e9curitaire et de qualit\u00e9<br \/>\n&#8211; Apprentissage et perfectionnement des techniques et des notions li\u00e9es \u00e0 la pratique du skateboard[\/vc_column_text][\/vc_column][vc_column width=&#8221;1\/12&#8243;][\/vc_column][\/vc_row][vc_row full_width=&#8221;stretch_row_content&#8221; tlg_padding=&#8221;pt0 pb0&#8243; tlg_parallax=&#8221;not-parallax&#8221; tlg_equal_height=&#8221;equal-height&#8221; css=&#8221;.vc_custom_1600893865400{padding-top: 0px !important;padding-right: 0px !important;padding-bottom: 0px !important;padding-left: 0px !important;}&#8221; el_class=&#8221;addmarginbot&#8221;][vc_column width=&#8221;1\/12&#8243;][\/vc_column][vc_column width=&#8221;5\/12&#8243; css=&#8221;.vc_custom_1522027694641{border-top-width: 1px !important;border-right-width: 1px !important;border-bottom-width: 1px !important;border-left-width: 1px !important;padding-top: 0px !important;padding-bottom: 10px !important;border-left-color: #d3d3d3 !important;border-left-style: solid !important;border-right-color: #d3d3d3 !important;border-right-style: solid !important;border-top-color: #d3d3d3 !important;border-top-style: solid !important;border-bottom-color: #d3d3d3 !important;border-bottom-style: solid !important;}&#8221;]<div class=\"headings-title\"><div class=\"mb0 mb16 mb-xs-40 text-center\"><h5 style=\"color:#ffffff!important;font-size:23px;line-height:33px;text-transform: uppercase!important;\" class=\"widgettitle mb0\">PARTICIPANT.E.S RECHERCH\u00c9.E.S<\/h5><\/div><\/div>[vc_column_text]Les \u00e9tudiants seront s\u00e9lectionn\u00e9s selon leur niveau d\u2019effort et leur motivation \u00e0 se d\u00e9velopper athl\u00e9tiquement, mais aussi personnellement via un programme d\u2019encadrement annuel exigeant, mais assur\u00e9ment motivant.[\/vc_column_text][\/vc_column][vc_column width=&#8221;5\/12&#8243; css=&#8221;.vc_custom_1522027704373{border-top-width: 1px !important;border-right-width: 1px !important;border-bottom-width: 1px !important;border-left-width: 1px !important;padding-top: 0px !important;border-left-color: #d3d3d3 !important;border-left-style: solid !important;border-right-color: #d3d3d3 !important;border-right-style: solid !important;border-top-color: #d3d3d3 !important;border-top-style: solid !important;border-bottom-color: #d3d3d3 !important;border-bottom-style: solid !important;}&#8221;]<div class=\"headings-title\"><div class=\"mb0 mb16 mb-xs-40 text-center\"><h5 style=\"color:#ffffff!important;font-size:23px;line-height:33px;text-transform: uppercase!important;\" class=\"widgettitle mb0\">LIEU D\u2019ENTRA\u00ceNEMENT<\/h5><\/div><\/div>[vc_row_inner css=&#8221;.vc_custom_1521666898642{margin-bottom: 10px !important;}&#8221;][vc_column_inner][vc_column_text]Le TAZ Skatepark, le plus grand skatepark int\u00e9rieur au Canada, devenant ainsi LA r\u00e9f\u00e9rence pour la pratique du skateboard depuis 1996. Le TAZ a une superficie de pr\u00e8s de 60\u00a0000 pieds carr\u00e9s d\u00e9di\u00e9s \u00e0 la pratique sportive. Appr\u00e9ci\u00e9 par l\u2019\u00e9lite mondiale de l\u2019industrie du skateboard, Le TAZ est pens\u00e9 et construit par et pour les skaters.[\/vc_column_text][\/vc_column_inner][\/vc_row_inner][\/vc_column][vc_column width=&#8221;1\/12&#8243;][\/vc_column][\/vc_row][vc_row tlg_padding=&#8221;pt0 pb0&#8243; tlg_parallax=&#8221;not-parallax&#8221; tlg_equal_height=&#8221;equal-height&#8221; css=&#8221;.vc_custom_1600814778154{padding-top: 0px !important;padding-right: 0px !important;padding-bottom: 0px !important;padding-left: 0px !important;}&#8221; el_class=&#8221;addmarginbot&#8221;][vc_column width=&#8221;1\/12&#8243;][\/vc_column][vc_column width=&#8221;5\/12&#8243; css=&#8221;.vc_custom_1522027694641{border-top-width: 1px !important;border-right-width: 1px !important;border-bottom-width: 1px !important;border-left-width: 1px !important;padding-top: 0px !important;padding-bottom: 10px !important;border-left-color: #d3d3d3 !important;border-left-style: solid !important;border-right-color: #d3d3d3 !important;border-right-style: solid !important;border-top-color: #d3d3d3 !important;border-top-style: solid !important;border-bottom-color: #d3d3d3 !important;border-bottom-style: solid !important;}&#8221;]<div class=\"headings-title\"><div class=\"mb0 mb16 mb-xs-40 text-center\"><h5 style=\"color:#ffffff!important;font-size:23px;line-height:33px;text-transform: uppercase!important;\" class=\"widgettitle mb0\">MAT\u00c9RIEL SPORTIF REQUIS<\/h5><\/div><\/div>[vc_column_text]- Skateboard complet<br \/>\n&#8211; Casque<br \/>\n&#8211; Ensemble d\u2019\u00e9quipements de protection complet fortement recommand\u00e9<br \/>\n&#8211; Sur place\u00a0: acc\u00e8s aux outils et \u00e0 la boutique sp\u00e9cialis\u00e9e[\/vc_column_text][\/vc_column][vc_column width=&#8221;5\/12&#8243; css=&#8221;.vc_custom_1522027704373{border-top-width: 1px !important;border-right-width: 1px !important;border-bottom-width: 1px !important;border-left-width: 1px !important;padding-top: 0px !important;border-left-color: #d3d3d3 !important;border-left-style: solid !important;border-right-color: #d3d3d3 !important;border-right-style: solid !important;border-top-color: #d3d3d3 !important;border-top-style: solid !important;border-bottom-color: #d3d3d3 !important;border-bottom-style: solid !important;}&#8221;]<div class=\"headings-title\"><div class=\"mb0 mb16 mb-xs-40 text-center\"><h5 style=\"color:#ffffff!important;font-size:23px;line-height:33px;text-transform: uppercase!important;\" class=\"widgettitle mb0\">DUR\u00c9E<\/h5><\/div><\/div>[vc_row_inner css=&#8221;.vc_custom_1521666898642{margin-bottom: 10px !important;}&#8221;][vc_column_inner][vc_column_text]De septembre \u00e0 juin, Le TAZ vous attend tous les apr\u00e8s-midis du lundi au vendredi avec un programme proposant :<br \/>\n3 x 2 h d\u2019activit\u00e9s sportives encadr\u00e9es<br \/>\n2 x 2 h de temps d&#8217;\u00e9tudes et\/ou de pratique libre dans nos installations[\/vc_column_text][\/vc_column_inner][\/vc_row_inner][\/vc_column][vc_column width=&#8221;1\/12&#8243;][\/vc_column][\/vc_row][vc_row tlg_padding=&#8221;pt0 pb0&#8243; tlg_parallax=&#8221;not-parallax&#8221; tlg_equal_height=&#8221;equal-height&#8221; css=&#8221;.vc_custom_1600814785868{padding-top: 0px !important;padding-right: 0px !important;padding-bottom: 0px !important;padding-left: 0px !important;}&#8221; el_class=&#8221;addmarginbot&#8221;][vc_column width=&#8221;1\/12&#8243;][\/vc_column][vc_column width=&#8221;5\/12&#8243; css=&#8221;.vc_custom_1522027694641{border-top-width: 1px !important;border-right-width: 1px !important;border-bottom-width: 1px !important;border-left-width: 1px !important;padding-top: 0px !important;padding-bottom: 10px !important;border-left-color: #d3d3d3 !important;border-left-style: solid !important;border-right-color: #d3d3d3 !important;border-right-style: solid !important;border-top-color: #d3d3d3 !important;border-top-style: solid !important;border-bottom-color: #d3d3d3 !important;border-bottom-style: solid !important;}&#8221;]<div class=\"headings-title\"><div class=\"mb0 mb16 mb-xs-40 text-center\"><h5 style=\"color:#ffffff!important;font-size:23px;line-height:33px;text-transform: uppercase!important;\" class=\"widgettitle mb0\">INSCRIPTION ET TARIFICATION<\/h5><\/div><\/div>[vc_column_text css=&#8221;&#8221;]<strong>Cap vers la rentr\u00e9e 2026-2027<\/strong><\/p>\n<p>\u00c9cole secondaire \u00c9douard-Montpetit : inscription aupr\u00e8s de l&#8217;\u00e9cole directement (d\u00e8s octobre 2025).<br \/>\n\u00c0 la suite d&#8217;une \u00e9valuation sportive sur place (sur rdv), Le TAZ doit fournir une lettre d&#8217;acceptation au programme sportif \u00e0 joindre \u00e0 votre dossier d&#8217;inscription.<\/p>\n<p>Autres \u00e9tablissements scolaires : veuillez communiquer directement avec l&#8217;\u00e9quipe du TAZ.<\/p>\n<p>&nbsp;<\/p>\n<p>Tarification : 1 850,00 $ par ann\u00e9e (plus les taxes applicables).<br \/>\n(prix sujet \u00e0 changement sans pr\u00e9avis)[\/vc_column_text][\/vc_column][vc_column width=&#8221;5\/12&#8243; css=&#8221;.vc_custom_1522027704373{border-top-width: 1px !important;border-right-width: 1px !important;border-bottom-width: 1px !important;border-left-width: 1px !important;padding-top: 0px !important;border-left-color: #d3d3d3 !important;border-left-style: solid !important;border-right-color: #d3d3d3 !important;border-right-style: solid !important;border-top-color: #d3d3d3 !important;border-top-style: solid !important;border-bottom-color: #d3d3d3 !important;border-bottom-style: solid !important;}&#8221;]<div class=\"headings-title\"><div class=\"mb0 mb16 mb-xs-40 text-center\"><h5 style=\"color:#ffffff!important;font-size:23px;line-height:33px;text-transform: uppercase!important;\" class=\"widgettitle mb0\">QUESTIONS<\/h5><\/div><\/div>[vc_row_inner css=&#8221;.vc_custom_1521666898642{margin-bottom: 10px !important;}&#8221;][vc_column_inner][vc_column_text css=&#8221;&#8221;]Nous vous invitons \u00e0 communiquer avec nous pour toutes questions relatives au programme.<\/p>\n<p>Le TAZ Skatepark<br \/>\n8931, avenue Papineau<br \/>\nMontr\u00e9al, Qu\u00e9bec H2M 0A5<br \/>\n514\u00a0284-0051 x 101<br \/>\ntaz@taz.ca[\/vc_column_text][\/vc_column_inner][\/vc_row_inner][\/vc_column][vc_column width=&#8221;1\/12&#8243;][\/vc_column][\/vc_row][vc_row][vc_column][vc_column_text][\/vc_column_text][\/vc_column][\/vc_row]<\/p>\n<\/div>","protected":false},"excerpt":{"rendered":"[vc_row tlg_background_style=\"bg-secondary\" css=\".vc_custom_1556796609963{padding-bottom: 10px !important;background-image: url(https:\/\/www.taz.ca\/wp-content\/uploads\/2016\/02\/bg-texture.jpg?id=5771) !important;}\" el_class=\"titlerows\"][vc_column][vc_single_image image=\"10365\" img_size=\"full\" alignment=\"center\" title=\"Concentration Sport Skateboard\" el_class=\"title-contact\"][\/vc_column][\/vc_row][vc_row full_width=\"stretch_row_content\" tlg_padding=\"pt0 pb0\" css=\".vc_custom_1600893809063{margin-top: 20px !important;}\" el_id=\"addtopmarg\"][vc_column width=\"1\/12\"][\/vc_column][vc_column width=\"5\/6\" css=\".vc_custom_1600894474293{padding-top: 7px !important;padding-bottom: 7px !important;}\"][vc_row_inner][vc_column_inner width=\"1\/3\"][vc_single_image image=\"9197\" img_size=\"300x200\"][\/vc_column_inner][vc_column_inner width=\"1\/3\"][vc_single_image image=\"9183\" img_size=\"300x200\"][\/vc_column_inner][vc_column_inner width=\"1\/3\"][vc_single_image image=\"9383\" img_size=\"300x200\" alignment=\"center\"][\/vc_column_inner][\/vc_row_inner][\/vc_column][vc_column width=\"1\/12\"][\/vc_column][\/vc_row][vc_row full_width=\"stretch_row_content\" tlg_padding=\"pt0 pb0\" css=\".vc_custom_1600893824615{margin-top: 20px !important;}\"][vc_column width=\"1\/12\"][\/vc_column][vc_column width=\"5\/6\" css=\".vc_custom_1521561688834{padding-top: 7px !important;padding-bottom: 7px !important;background-color: #c40000 !important;}\"]Un [...]","protected":false},"author":1,"featured_media":0,"parent":0,"menu_order":0,"comment_status":"closed","ping_status":"closed","template":"","meta":{"footnotes":""},"class_list":["post-9398","page","type-page","status-publish","hentry"],"yoast_head":"<!-- This site is optimized with the Yoast SEO plugin v27.5 - https:\/\/yoast.com\/product\/yoast-seo-wordpress\/ -->\n<title>Concentration Sport Skateboard (in french only) - Taz<\/title>\n<meta name=\"robots\" content=\"index, follow, max-snippet:-1, max-image-preview:large, max-video-preview:-1\" \/>\n<link rel=\"canonical\" href=\"https:\/\/www.taz.ca\/en\/concentration-sport-skateboard\/\" \/>\n<meta property=\"og:locale\" content=\"en_US\" \/>\n<meta property=\"og:type\" content=\"article\" \/>\n<meta property=\"og:title\" content=\"Concentration Sport Skateboard (in french only) - Taz\" \/>\n<meta property=\"og:url\" content=\"https:\/\/www.taz.ca\/en\/concentration-sport-skateboard\/\" \/>\n<meta property=\"og:site_name\" content=\"Taz\" \/>\n<meta property=\"article:modified_time\" content=\"2025-09-19T18:13:07+00:00\" \/>\n<meta name=\"twitter:card\" content=\"summary_large_image\" \/>\n<meta name=\"twitter:label1\" content=\"Est. reading time\" \/>\n\t<meta name=\"twitter:data1\" content=\"5 minutes\" \/>\n<script type=\"application\/ld+json\" class=\"yoast-schema-graph\">{\"@context\":\"https:\\\/\\\/schema.org\",\"@graph\":[{\"@type\":\"WebPage\",\"@id\":\"https:\\\/\\\/www.taz.ca\\\/en\\\/concentration-sport-skateboard\\\/\",\"url\":\"https:\\\/\\\/www.taz.ca\\\/en\\\/concentration-sport-skateboard\\\/\",\"name\":\"Concentration Sport Skateboard (in french only) - Taz\",\"isPartOf\":{\"@id\":\"https:\\\/\\\/www.taz.ca\\\/#website\"},\"datePublished\":\"2020-09-22T22:32:15+00:00\",\"dateModified\":\"2025-09-19T18:13:07+00:00\",\"breadcrumb\":{\"@id\":\"https:\\\/\\\/www.taz.ca\\\/en\\\/concentration-sport-skateboard\\\/#breadcrumb\"},\"inLanguage\":\"en-US\",\"potentialAction\":[{\"@type\":\"ReadAction\",\"target\":[\"https:\\\/\\\/www.taz.ca\\\/en\\\/concentration-sport-skateboard\\\/\"]}]},{\"@type\":\"BreadcrumbList\",\"@id\":\"https:\\\/\\\/www.taz.ca\\\/en\\\/concentration-sport-skateboard\\\/#breadcrumb\",\"itemListElement\":[{\"@type\":\"ListItem\",\"position\":1,\"name\":\"Accueil\",\"item\":\"https:\\\/\\\/www.taz.ca\\\/en\\\/\"},{\"@type\":\"ListItem\",\"position\":2,\"name\":\"Concentration Sport Skateboard (in french only)\"}]},{\"@type\":\"WebSite\",\"@id\":\"https:\\\/\\\/www.taz.ca\\\/#website\",\"url\":\"https:\\\/\\\/www.taz.ca\\\/\",\"name\":\"Taz\",\"description\":\"\",\"potentialAction\":[{\"@type\":\"SearchAction\",\"target\":{\"@type\":\"EntryPoint\",\"urlTemplate\":\"https:\\\/\\\/www.taz.ca\\\/?s={search_term_string}\"},\"query-input\":{\"@type\":\"PropertyValueSpecification\",\"valueRequired\":true,\"valueName\":\"search_term_string\"}}],\"inLanguage\":\"en-US\"}]}<\/script>\n<!-- \/ Yoast SEO plugin. -->","yoast_head_json":{"title":"Concentration Sport Skateboard (in french only) - Taz","robots":{"index":"index","follow":"follow","max-snippet":"max-snippet:-1","max-image-preview":"max-image-preview:large","max-video-preview":"max-video-preview:-1"},"canonical":"https:\/\/www.taz.ca\/en\/concentration-sport-skateboard\/","og_locale":"en_US","og_type":"article","og_title":"Concentration Sport Skateboard (in french only) - Taz","og_url":"https:\/\/www.taz.ca\/en\/concentration-sport-skateboard\/","og_site_name":"Taz","article_modified_time":"2025-09-19T18:13:07+00:00","twitter_card":"summary_large_image","twitter_misc":{"Est. reading time":"5 minutes"},"schema":{"@context":"https:\/\/schema.org","@graph":[{"@type":"WebPage","@id":"https:\/\/www.taz.ca\/en\/concentration-sport-skateboard\/","url":"https:\/\/www.taz.ca\/en\/concentration-sport-skateboard\/","name":"Concentration Sport Skateboard (in french only) - Taz","isPartOf":{"@id":"https:\/\/www.taz.ca\/#website"},"datePublished":"2020-09-22T22:32:15+00:00","dateModified":"2025-09-19T18:13:07+00:00","breadcrumb":{"@id":"https:\/\/www.taz.ca\/en\/concentration-sport-skateboard\/#breadcrumb"},"inLanguage":"en-US","potentialAction":[{"@type":"ReadAction","target":["https:\/\/www.taz.ca\/en\/concentration-sport-skateboard\/"]}]},{"@type":"BreadcrumbList","@id":"https:\/\/www.taz.ca\/en\/concentration-sport-skateboard\/#breadcrumb","itemListElement":[{"@type":"ListItem","position":1,"name":"Accueil","item":"https:\/\/www.taz.ca\/en\/"},{"@type":"ListItem","position":2,"name":"Concentration Sport Skateboard (in french only)"}]},{"@type":"WebSite","@id":"https:\/\/www.taz.ca\/#website","url":"https:\/\/www.taz.ca\/","name":"Taz","description":"","potentialAction":[{"@type":"SearchAction","target":{"@type":"EntryPoint","urlTemplate":"https:\/\/www.taz.ca\/?s={search_term_string}"},"query-input":{"@type":"PropertyValueSpecification","valueRequired":true,"valueName":"search_term_string"}}],"inLanguage":"en-US"}]}},"_links":{"self":[{"href":"https:\/\/www.taz.ca\/en\/wp-json\/wp\/v2\/pages\/9398","targetHints":{"allow":["GET"]}}],"collection":[{"href":"https:\/\/www.taz.ca\/en\/wp-json\/wp\/v2\/pages"}],"about":[{"href":"https:\/\/www.taz.ca\/en\/wp-json\/wp\/v2\/types\/page"}],"author":[{"embeddable":true,"href":"https:\/\/www.taz.ca\/en\/wp-json\/wp\/v2\/users\/1"}],"replies":[{"embeddable":true,"href":"https:\/\/www.taz.ca\/en\/wp-json\/wp\/v2\/comments?post=9398"}],"version-history":[{"count":4,"href":"https:\/\/www.taz.ca\/en\/wp-json\/wp\/v2\/pages\/9398\/revisions"}],"predecessor-version":[{"id":12738,"href":"https:\/\/www.taz.ca\/en\/wp-json\/wp\/v2\/pages\/9398\/revisions\/12738"}],"wp:attachment":[{"href":"https:\/\/www.taz.ca\/en\/wp-json\/wp\/v2\/media?parent=9398"}],"curies":[{"name":"wp","href":"https:\/\/api.w.org\/{rel}","templated":true}]}}