{"id":5169,"date":"2017-09-18T17:45:15","date_gmt":"2017-09-18T17:45:15","guid":{"rendered":"http:\/\/tek-kit.com\/taz\/?page_id=5169"},"modified":"2026-04-29T14:39:15","modified_gmt":"2026-04-29T19:39:15","slug":"about-us","status":"publish","type":"page","link":"https:\/\/www.taz.ca\/en\/about-us\/","title":{"rendered":"About us"},"content":{"rendered":"<div class=\"wpb-content-wrapper\"><p>[vc_row tlg_background_style=&#8221;bg-dark&#8221; tlg_padding=&#8221;pt180 pb180 pt-xs-80 pb-xs-80&#8243; tlg_enable_overlay=&#8221;yes&#8221; tlg_parallax=&#8221;not-parallax&#8221; tlg_furious_background_style=&#8221;bg-dark&#8221; tlg_furious_padding=&#8221;pt180 pb180 pt-xs-80 pb-xs-80&#8243; tlg_furious_white_color=&#8221;color-white&#8221; css=&#8221;.vc_custom_1556804548591{background-image: url(https:\/\/www.taz.ca\/wp-content\/uploads\/2017\/09\/\u00c0-propos-1.jpg?id=8460) !important;}&#8221; tlg_bg_overlay=&#8221;#000000&#8243; tlg_bg_overlay_value=&#8221;3&#8243;][vc_column css=&#8221;.vc_custom_1451921744120{padding-top: 120px !important;padding-bottom: 120px !important;}&#8221;][vc_column_text]<\/p>\n<h2 style=\"text-align: center;\">About us<\/h2>\n<p>[\/vc_column_text][\/vc_column][\/vc_row][vc_row full_width=&#8221;stretch_row&#8221; tlg_parallax=&#8221;not-parallax&#8221; tlg_equal_height=&#8221;equal-height&#8221;][vc_column width=&#8221;1\/2&#8243; css=&#8221;.vc_custom_1556804567040{padding-top: 10% !important;padding-right: 10% !important;padding-bottom: 10% !important;padding-left: 10% !important;background: #f4f4f4 url(https:\/\/www.taz.ca\/wp-content\/uploads\/2016\/02\/bg-texture-1.jpg?id=8404) !important;}&#8221;]<div class=\"headings-title\"><div class=\"mb72  mb-xs-40 text-center\"><h5 style=\"color:#ffffff!important;\" class=\"widgettitle \">Our vision<\/h5><div class=\"divider-wrap\"><i  class=\"ti-world\"><\/i><div class=\"tlg-divider\"><\/div><\/div><\/div><\/div>[vc_column_text el_class=&#8221;whitetext&#8221;]To be recognized as the reference in wheel and alternative action sports in Quebec, while contributing to\u00a0youth&#8217;s development\u00a0and the development of future talents.[\/vc_column_text][\/vc_column][vc_column width=&#8221;1\/2&#8243; css=&#8221;.vc_custom_1519136031268{padding-top: 10% !important;padding-right: 10% !important;padding-bottom: 10% !important;padding-left: 10% !important;}&#8221; el_id=&#8221;leftCol-About&#8221;]<div class=\"headings-title\"><div class=\"mb72  mb-xs-40 text-center\"><h5 style=\"color:#000000!important;\" class=\"widgettitle \">Our mission<\/h5><div class=\"divider-wrap\"><i  class=\"ti-light-bulb\"><\/i><div class=\"tlg-divider\"><\/div><\/div><\/div><\/div>[vc_column_text]<span id=\"result_box\" lang=\"en\">Offering a welcoming place to the practice of\u00a0rolling and alternative sports. Make passionate people of all ages live exhilarating experiences that allow you to surpass yourself in a safe and friendly environment. Of international caliber, TAZ&#8217;s facilities\u00a0are suitable for all levels.<\/span>[\/vc_column_text][\/vc_column][\/vc_row][vc_row][vc_column]<div class=\"headings-title\"><div class=\"mb72 mb16 mb-xs-40 text-center\"><h5  class=\"widgettitle mb0\">Management team<\/h5><\/div><\/div><div id=\"team-69f94e27580be\"><div class=\" row\"><div class=\"col-sm-4 text-center mb8 org-col\">\n    <div class=\"image-box image-round inner-title hover-reveal text-center mb0\">\n                <div class=\"title\">\n            <div class=\"content sms-text mb8\">Poste 108, pjolin@taz.ca<\/div>                    <\/div>\n    <\/div>\n    <div class=\"mb16 mt30\">\n        <h4 class=\"mb0\">\n        <a class=\"xs-text link-dark-title\" href=\"#\">Philippe Jolin<\/a>        <\/h4>\n        <span class=\"sms-text fade-color\">Directeur g\u00e9n\u00e9ral<\/span>        <div class=\"content sms-text\">Poste 108, pjolin@taz.ca<\/div>    <\/div>\n<\/div><div class=\"col-sm-4 text-center mb8 org-col\">\n    <div class=\"image-box image-round inner-title hover-reveal text-center mb0\">\n                <div class=\"title\">\n            <div class=\"content sms-text mb8\">Poste 109 ,\u00a0mseers@taz.ca<\/div>                    <\/div>\n    <\/div>\n    <div class=\"mb16 mt30\">\n        <h4 class=\"mb0\">\n        <a class=\"xs-text link-dark-title\" href=\"#\">Myriam Seers<\/a>        <\/h4>\n        <span class=\"sms-text fade-color\">Directrice administrative<\/span>        <div class=\"content sms-text\">Poste 109 ,\u00a0mseers@taz.ca<\/div>    <\/div>\n<\/div><div class=\"col-sm-4 text-center mb8 org-col\">\n    <div class=\"image-box image-round inner-title hover-reveal text-center mb0\">\n                <div class=\"title\">\n            <div class=\"content sms-text mb8\">Poste 105,\u00a0comptabilite@taz.ca<\/div>                    <\/div>\n    <\/div>\n    <div class=\"mb16 mt30\">\n        <h4 class=\"mb0\">\n        Maria Mancilla        <\/h4>\n        <span class=\"sms-text fade-color\">Comptable<\/span>        <div class=\"content sms-text\">Poste 105,\u00a0comptabilite@taz.ca<\/div>    <\/div>\n<\/div><\/div><div class=\"row mt24\"><div class=\"col-sm-4 text-center mb8 org-col\">\n    <div class=\"image-box image-round inner-title hover-reveal text-center mb0\">\n                <div class=\"title\">\n            <div class=\"content sms-text mb8\">Poste 104,\u00a0chatin@taz.ca<\/div>                    <\/div>\n    <\/div>\n    <div class=\"mb16 mt30\">\n        <h4 class=\"mb0\">\n        Christian Hatin        <\/h4>\n        <span class=\"sms-text fade-color\">Pr\u00e9pos\u00e9 \u00e0 la b\u00e2tisse et aux installations sportives<\/span>        <div class=\"content sms-text\">Poste 104,\u00a0chatin@taz.ca<\/div>    <\/div>\n<\/div><div class=\"col-sm-4 text-center mb8 org-col\">\n    <div class=\"image-box image-round inner-title hover-reveal text-center mb0\">\n                <div class=\"title\">\n            <div class=\"content sms-text mb8\">Poste 101,\u00a0taz@taz.ca<\/div>                    <\/div>\n    <\/div>\n    <div class=\"mb16 mt30\">\n        <h4 class=\"mb0\">\n        <a class=\"xs-text link-dark-title\" href=\"#\">Fran\u00e7ois Nadon-Jaouen<\/a>        <\/h4>\n        <span class=\"sms-text fade-color\">Responsable au service \u00e0 la client\u00e8le<\/span>        <div class=\"content sms-text\">Poste 101,\u00a0taz@taz.ca<\/div>    <\/div>\n<\/div><\/div><\/div>[\/vc_column][\/vc_row][vc_row][vc_column]<div class=\"headings-title\"><div class=\"mb72 mb16 mb-xs-40 text-center\"><div  class=\"widgetsubtitle\">Philippe Jolin also acts as Personal Information Protection Officer.<\/div><\/div><\/div>[\/vc_column][\/vc_row][vc_row][vc_column]<div class=\"headings-title\"><div class=\"mb72 mb16 mb-xs-40 text-center\"><h5  class=\"widgettitle mb0\">Board of directors<\/h5><\/div><\/div>[\/vc_column][\/vc_row][vc_row][vc_column width=&#8221;1\/3&#8243;][vc_column_text]<\/p>\n<h4 style=\"text-align: center;\"><strong>Jean-S\u00e9bastien Defoy<\/strong><\/h4>\n<p style=\"text-align: center;\"><strong>Pr\u00e9sident<\/strong><br \/>\nChef Principal Marketing, Strat\u00e9gie Num\u00e9rique &amp; Int\u00e9gration Commerciale\u00a0 | Via Rail Canada<\/p>\n<p>[\/vc_column_text][vc_column_text css=&#8221;&#8221;]<\/p>\n<h4 style=\"text-align: center;\"><strong>Jonathan Munn<\/strong><\/h4>\n<p style=\"text-align: center;\"><strong>Secr\u00e9taire<\/strong><br \/>\nDirecteur retomb\u00e9es industrielles et technologiques | Davie<\/p>\n<p>[\/vc_column_text][\/vc_column][vc_column width=&#8221;1\/3&#8243;][vc_column_text css=&#8221;.vc_custom_1777491493298{margin-bottom: 20px !important;border-bottom-width: 20px !important;padding-bottom: 20px !important;}&#8221;]<\/p>\n<h4 style=\"text-align: center;\"><strong>Laurent B\u00e9langer<\/strong><\/h4>\n<p style=\"text-align: center;\"><strong>Vice-Pr\u00e9sident<\/strong><\/p>\n<p style=\"text-align: center;\">Conseiller senior | Banque Nationale<\/p>\n<p>[\/vc_column_text][vc_column_text css=&#8221;.vc_custom_1777491461975{margin-top: 19px !important;border-top-width: 19px !important;padding-top: 19px !important;}&#8221;]<\/p>\n<h4 style=\"text-align: center;\"><strong>Karine Biron<\/strong><\/h4>\n<p style=\"text-align: center;\"><strong>Administratrice<\/strong><br \/>\nDirectrice des Ressources Humaines | Coll\u00e8ge Notre-Dame<\/p>\n<p>[\/vc_column_text][\/vc_column][vc_column width=&#8221;1\/3&#8243;][vc_column_text]<\/p>\n<h4 style=\"text-align: center;\"><strong>Claude Leduc<\/strong><\/h4>\n<p style=\"text-align: center;\"><strong>Tr\u00e9sorier<\/strong><br \/>\nConseiller, Retrait\u00e9 Chef Divisionnaire Finances et Ventes | Bell Canada<\/p>\n<p>[\/vc_column_text][\/vc_column][\/vc_row]<\/p>\n<\/div>","protected":false},"excerpt":{"rendered":" About us To be recognized as the reference in wheel and alternative action sports ","protected":false},"author":1,"featured_media":0,"parent":0,"menu_order":0,"comment_status":"closed","ping_status":"closed","template":"","meta":{"footnotes":""},"class_list":["post-5169","page","type-page","status-publish","hentry"],"yoast_head":"<!-- This site is optimized with the Yoast SEO plugin v27.5 - https:\/\/yoast.com\/product\/yoast-seo-wordpress\/ -->\n<title>About us - Taz<\/title>\n<meta name=\"robots\" content=\"index, follow, max-snippet:-1, max-image-preview:large, max-video-preview:-1\" \/>\n<link rel=\"canonical\" href=\"https:\/\/www.taz.ca\/en\/about-us\/\" \/>\n<meta property=\"og:locale\" content=\"en_US\" \/>\n<meta property=\"og:type\" content=\"article\" \/>\n<meta property=\"og:title\" content=\"About us - Taz\" \/>\n<meta property=\"og:description\" content=\"About us To be recognized as the reference in wheel and alternative action sports\" \/>\n<meta property=\"og:url\" content=\"https:\/\/www.taz.ca\/en\/about-us\/\" \/>\n<meta property=\"og:site_name\" content=\"Taz\" \/>\n<meta property=\"article:modified_time\" content=\"2026-04-29T19:39:15+00:00\" \/>\n<meta name=\"twitter:card\" content=\"summary_large_image\" \/>\n<meta name=\"twitter:label1\" content=\"Est. reading time\" \/>\n\t<meta name=\"twitter:data1\" content=\"2 minutes\" \/>\n<script type=\"application\/ld+json\" class=\"yoast-schema-graph\">{\"@context\":\"https:\\\/\\\/schema.org\",\"@graph\":[{\"@type\":\"WebPage\",\"@id\":\"https:\\\/\\\/www.taz.ca\\\/en\\\/about-us\\\/\",\"url\":\"https:\\\/\\\/www.taz.ca\\\/en\\\/about-us\\\/\",\"name\":\"About us - Taz\",\"isPartOf\":{\"@id\":\"https:\\\/\\\/www.taz.ca\\\/#website\"},\"datePublished\":\"2017-09-18T17:45:15+00:00\",\"dateModified\":\"2026-04-29T19:39:15+00:00\",\"breadcrumb\":{\"@id\":\"https:\\\/\\\/www.taz.ca\\\/en\\\/about-us\\\/#breadcrumb\"},\"inLanguage\":\"en-US\",\"potentialAction\":[{\"@type\":\"ReadAction\",\"target\":[\"https:\\\/\\\/www.taz.ca\\\/en\\\/about-us\\\/\"]}]},{\"@type\":\"BreadcrumbList\",\"@id\":\"https:\\\/\\\/www.taz.ca\\\/en\\\/about-us\\\/#breadcrumb\",\"itemListElement\":[{\"@type\":\"ListItem\",\"position\":1,\"name\":\"Accueil\",\"item\":\"https:\\\/\\\/www.taz.ca\\\/en\\\/\"},{\"@type\":\"ListItem\",\"position\":2,\"name\":\"About us\"}]},{\"@type\":\"WebSite\",\"@id\":\"https:\\\/\\\/www.taz.ca\\\/#website\",\"url\":\"https:\\\/\\\/www.taz.ca\\\/\",\"name\":\"Taz\",\"description\":\"\",\"potentialAction\":[{\"@type\":\"SearchAction\",\"target\":{\"@type\":\"EntryPoint\",\"urlTemplate\":\"https:\\\/\\\/www.taz.ca\\\/?s={search_term_string}\"},\"query-input\":{\"@type\":\"PropertyValueSpecification\",\"valueRequired\":true,\"valueName\":\"search_term_string\"}}],\"inLanguage\":\"en-US\"}]}<\/script>\n<!-- \/ Yoast SEO plugin. -->","yoast_head_json":{"title":"About us - Taz","robots":{"index":"index","follow":"follow","max-snippet":"max-snippet:-1","max-image-preview":"max-image-preview:large","max-video-preview":"max-video-preview:-1"},"canonical":"https:\/\/www.taz.ca\/en\/about-us\/","og_locale":"en_US","og_type":"article","og_title":"About us - Taz","og_description":"About us To be recognized as the reference in wheel and alternative action sports","og_url":"https:\/\/www.taz.ca\/en\/about-us\/","og_site_name":"Taz","article_modified_time":"2026-04-29T19:39:15+00:00","twitter_card":"summary_large_image","twitter_misc":{"Est. reading time":"2 minutes"},"schema":{"@context":"https:\/\/schema.org","@graph":[{"@type":"WebPage","@id":"https:\/\/www.taz.ca\/en\/about-us\/","url":"https:\/\/www.taz.ca\/en\/about-us\/","name":"About us - Taz","isPartOf":{"@id":"https:\/\/www.taz.ca\/#website"},"datePublished":"2017-09-18T17:45:15+00:00","dateModified":"2026-04-29T19:39:15+00:00","breadcrumb":{"@id":"https:\/\/www.taz.ca\/en\/about-us\/#breadcrumb"},"inLanguage":"en-US","potentialAction":[{"@type":"ReadAction","target":["https:\/\/www.taz.ca\/en\/about-us\/"]}]},{"@type":"BreadcrumbList","@id":"https:\/\/www.taz.ca\/en\/about-us\/#breadcrumb","itemListElement":[{"@type":"ListItem","position":1,"name":"Accueil","item":"https:\/\/www.taz.ca\/en\/"},{"@type":"ListItem","position":2,"name":"About us"}]},{"@type":"WebSite","@id":"https:\/\/www.taz.ca\/#website","url":"https:\/\/www.taz.ca\/","name":"Taz","description":"","potentialAction":[{"@type":"SearchAction","target":{"@type":"EntryPoint","urlTemplate":"https:\/\/www.taz.ca\/?s={search_term_string}"},"query-input":{"@type":"PropertyValueSpecification","valueRequired":true,"valueName":"search_term_string"}}],"inLanguage":"en-US"}]}},"_links":{"self":[{"href":"https:\/\/www.taz.ca\/en\/wp-json\/wp\/v2\/pages\/5169","targetHints":{"allow":["GET"]}}],"collection":[{"href":"https:\/\/www.taz.ca\/en\/wp-json\/wp\/v2\/pages"}],"about":[{"href":"https:\/\/www.taz.ca\/en\/wp-json\/wp\/v2\/types\/page"}],"author":[{"embeddable":true,"href":"https:\/\/www.taz.ca\/en\/wp-json\/wp\/v2\/users\/1"}],"replies":[{"embeddable":true,"href":"https:\/\/www.taz.ca\/en\/wp-json\/wp\/v2\/comments?post=5169"}],"version-history":[{"count":3,"href":"https:\/\/www.taz.ca\/en\/wp-json\/wp\/v2\/pages\/5169\/revisions"}],"predecessor-version":[{"id":12985,"href":"https:\/\/www.taz.ca\/en\/wp-json\/wp\/v2\/pages\/5169\/revisions\/12985"}],"wp:attachment":[{"href":"https:\/\/www.taz.ca\/en\/wp-json\/wp\/v2\/media?parent=5169"}],"curies":[{"name":"wp","href":"https:\/\/api.w.org\/{rel}","templated":true}]}}