{"id":5038,"date":"2017-09-15T14:58:00","date_gmt":"2017-09-15T14:58:00","guid":{"rendered":"http:\/\/tek-kit.com\/taz\/?page_id=5038"},"modified":"2026-03-11T14:34:12","modified_gmt":"2026-03-11T19:34:12","slug":"camps","status":"publish","type":"page","link":"https:\/\/www.taz.ca\/en\/camps\/","title":{"rendered":"Camps"},"content":{"rendered":"<div class=\"wpb-content-wrapper\"><p>[vc_row tlg_background_style=&#8221;bg-dark&#8221; tlg_padding=&#8221;pt180 pb180 pt-xs-80 pb-xs-80&#8243; tlg_enable_overlay=&#8221;yes&#8221; tlg_parallax=&#8221;not-parallax&#8221; tlg_furious_background_style=&#8221;bg-dark&#8221; tlg_furious_padding=&#8221;pt180 pb180 pt-xs-80 pb-xs-80&#8243; tlg_furious_white_color=&#8221;color-white&#8221; css=&#8221;.vc_custom_1556803562152{background-image: url(https:\/\/www.taz.ca\/wp-content\/uploads\/2017\/09\/rsz_act_camp-1.jpg?id=8435) !important;}&#8221; tlg_bg_overlay=&#8221;#000000&#8243; tlg_bg_overlay_value=&#8221;3&#8243;][vc_column css=&#8221;.vc_custom_1451921744120{padding-top: 120px !important;padding-bottom: 120px !important;}&#8221;][vc_column_text]<\/p>\n<h2 style=\"text-align: center; font-weight: 600;\">CAMPS<\/h2>\n<p>[\/vc_column_text][\/vc_column][\/vc_row][vc_row tlg_text_align=&#8221;text-center&#8221;][vc_column][vc_row_inner][vc_column_inner][vc_column_text css=&#8221;&#8221;]<\/p>\n<p style=\"text-align: center;\"><span lang=\"en\"><span lang=\"en\">TAZ day camp is a real sports immersion in the sport of skateboarding, BMX or scootering under the watchful eye of our specialized coaches. Each week allows to live the sport in high intensity for 6-15 years-old throughout the summer.<\/span><\/span><\/p>\n<p style=\"text-align: center;\">* * * * *<\/p>\n<p style=\"text-align: left;\">We are proud to share with you that TAZ Camp is now a &#8220;Camp de jour municipal conforme&#8221; recognized by the Association des Camps du Qu\u00e9bec (ACQ).<\/p>\n<p><img loading=\"lazy\" decoding=\"async\" class=\"aligncenter\" src=\"https:\/\/res.cloudinary.com\/villemontreal\/image\/upload\/w_1200,h_1200,c_limit\/f_auto,dpr_auto,q_auto\/v1\/portail\/mcrfcikd0cbq5yqpaqb5.png\" alt=\"Camp de la rel\u00e2che scolaire \u00e0 Saint-Laurent | Ville de Montr\u00e9al\" width=\"209\" height=\"55\" \/>[\/vc_column_text][\/vc_column_inner][\/vc_row_inner][\/vc_column][\/vc_row][vc_row full_width=&#8221;stretch_row&#8221; tlg_parallax=&#8221;not-parallax&#8221; tlg_equal_height=&#8221;equal-height&#8221;][vc_column width=&#8221;1\/2&#8243; css=&#8221;.vc_custom_1556803582869{padding-top: 10% !important;padding-right: 10% !important;padding-bottom: 10% !important;padding-left: 10% !important;background: #f4f4f4 url(https:\/\/www.taz.ca\/wp-content\/uploads\/2016\/02\/bg-texture-1.jpg?id=8404) !important;}&#8221;]<div class=\"headings-title\"><div class=\"mb72  mb-xs-40 text-center\"><h5 style=\"color:#ffffff!important;\" class=\"widgettitle \">SUMMER 2026<\/h5><div class=\"divider-wrap\"><i  class=\"ti-calendar\"><\/i><div class=\"tlg-divider\"><\/div><\/div><\/div><\/div>[vc_column_text css=&#8221;&#8221; el_class=&#8221;whitetext&#8221;]<\/p>\n<p data-start=\"55\" data-end=\"125\">Week 1 \u2013 June 22 to June 26, 2026 \u2013 Skateboard, scooter &amp; initiation.<\/p>\n<p data-start=\"127\" data-end=\"201\">Week 2 \u2013 June 29 to July 3, 2026 \u2013 Skateboard, scooter, initiation &amp; BMX.<\/p>\n<p data-start=\"203\" data-end=\"277\">Week 3 \u2013 July 6 to July 10, 2026 \u2013 Skateboard, scooter, initiation &amp; BMX.<\/p>\n<p data-start=\"279\" data-end=\"349\">Week 4 \u2013 July 13 to July 17, 2026 \u2013 Skateboard, scooter &amp; initiation.<\/p>\n<p data-start=\"351\" data-end=\"426\">Week 5 \u2013 July 20 to July 24, 2026 \u2013 Skateboard, scooter, initiation &amp; BMX.<\/p>\n<p data-start=\"428\" data-end=\"500\">Week 6 \u2013 July 27 to August 31, 2026 \u2013 Skateboard, scooter &amp; initiation.<\/p>\n<p data-start=\"502\" data-end=\"579\">Week 7 \u2013 August 3 to August 7, 2026 \u2013 Skateboard, scooter, initiation &amp; BMX.<\/p>\n<p data-start=\"581\" data-end=\"655\">Week 8 \u2013 August 10 to August 14, 2026 \u2013 Skateboard, scooter &amp; initiation.<\/p>\n<p>[\/vc_column_text][\/vc_column][vc_column width=&#8221;1\/2&#8243; css=&#8221;.vc_custom_1527100872997{border-bottom-width: 1px !important;padding-top: 10% !important;padding-right: 10% !important;padding-bottom: 10% !important;padding-left: 10% !important;border-bottom-color: #1a181d !important;border-bottom-style: solid !important;}&#8221;]<div class=\"headings-title\"><div class=\"mb72  mb-xs-40 text-center\"><h5  class=\"widgettitle \">PROGRAM<\/h5><div class=\"divider-wrap\"><i  class=\"ti-notepad\"><\/i><div class=\"tlg-divider\"><\/div><\/div><\/div><\/div>[vc_column_text css=&#8221;&#8221;]<span class=\"jCAhz ChMk0b\"><span class=\"ryNqvb\"><strong>CAMP TAZ 9-15 years-old<\/strong><br \/>\nBeyond circulation in the Skatepark, learning basic positions, propulsion, handling and braking techniques, the team offers a mechanics 101 workshop as well as the production of a clip with<\/span><\/span> <span class=\"jCAhz ChMk0b\"><span class=\"ryNqvb\">GoPro camera.<\/span><\/span> <span class=\"jCAhz ChMk0b\"><span class=\"ryNqvb\">In addition, a demonstration by the instructors to finally end the week with a demo featuring all the campers which will be presented in front of the parents.<\/span><\/span><span class=\"jCAhz ChMk0b\"><span class=\"ryNqvb\"><br \/>\n<strong><br \/>\nCAMP INITIATION 6-8 years-old<br \/>\n<\/strong><\/span><\/span>This is the perfect balance between group games and activities with an instructor, plus an introduction to skateboarding AND scootering with one of our specialist coaches. Always revolving around sports on wheels, our team offers a week of initiation in the unique environment of the TAZ.<\/p>\n<p>Camp Initiation 6-8 years-old is an excellent springboard to the TAZ camp for 9-15 years-old.<\/p>\n<p><span class=\"jCAhz ChMk0b\"><span class=\"ryNqvb\">Other ideas are being prepared by TAZ team!<br \/>\n<\/span><\/span><\/p>\n<p><span class=\"jCAhz ChMk0b\"><span class=\"ryNqvb\"><strong>\u00a0<\/strong><\/span><\/span>[\/vc_column_text][\/vc_column][\/vc_row][vc_row tlg_text_align=&#8221;text-center&#8221; title=&#8221;Inscription en ligne&#8221; btn_link=&#8221;url:http%3A%2F%2Fwww.amilia.com%2Ftaz|||&#8221; btn_size=&#8221;&#8221; layout=&#8221;btn btn-filled&#8221; hover=&#8221;&#8221; icon=&#8221;ti-pencil&#8221; customize_button=&#8221;yes&#8221; btn_custom_layout=&#8221;btn btn-rounded&#8221; btn_color=&#8221;#c40000&#8243; btn_bg=&#8221;#ffffff&#8221; btn_border=&#8221;#c40000&#8243; btn_border_hover=&#8221;#c40000&#8243; btn_color_hover=&#8221;&#8221; btn_bg_hover=&#8221;&#8221;][vc_column]<div class=\"headings-title\"><div class=\"mb72  mb-xs-40 text-center\"><h5 style=\"color:#000000!important;\" class=\"widgettitle \">Schedule and pricing<\/h5><div class=\"divider-wrap\"><i  class=\"ti-calendar\"><\/i><div class=\"tlg-divider\"><\/div><\/div><\/div><\/div>[vc_column_text css=&#8221;.vc_custom_1770139344836{padding-bottom: 35px !important;}&#8221;]<span id=\"result_box\" lang=\"en\"><span class=\"jCAhz ChMk0b\"><span class=\"ryNqvb\">Monday to Friday from 9:00 a.m. to 4:00 p.m.<\/span><\/span><br \/>\n<span class=\"jCAhz ChMk0b\"><span class=\"ryNqvb\">Price per week: $ 249.50per child<\/span><\/span><\/span><\/p>\n<p><span class=\"jCAhz ChMk0b\"><span class=\"ryNqvb\">CHILDCARE SERVICES<\/span><\/span><br \/>\n<span class=\"jCAhz ChMk0b\"><span class=\"ryNqvb\">Available in the morning from 8:00 a.m. to 9:00 a.m. and\/or in the evening from 4:00 p.m. to 6:00 p.m.<\/span><\/span><br \/>\n<span class=\"jCAhz ChMk0b\"><span class=\"ryNqvb\">Morning AND Evening: $ 48.00 per week<\/span><\/span><br \/>\n<span class=\"jCAhz ChMk0b\"><span class=\"ryNqvb\">Morning OR Evening: $27.00 per week<\/span><\/span><\/p>\n<p><span class=\"jCAhz ChMk0b\"><span class=\"ryNqvb\">EQUIPMENT RENTAL<\/span><\/span><br \/>\n<span class=\"jCAhz ChMk0b\"><span class=\"ryNqvb\">$ 46.50 per week<br \/>\nNote for Camp Initiation 6-8 years:<br \/>\nIf you don&#8217;t own any sports equipment (scooter or skateboard), please schedule ONE equipment rental when you register.<br \/>\nIf you own one of the 2 pieces of equipment (scooter or skateboard), TAZ will loan you the 2nd piece of sports equipment at no extra charge.<\/span><\/span><\/p>\n<p>A $30 administration fee will be charged for cancellation of a day camp registration.<\/p>\n<p><span class=\"jCAhz ChMk0b\"><span class=\"ryNqvb\">All prices including taxes.<\/span><\/span><br \/>\n<span id=\"result_box\" lang=\"en\"><\/span>[\/vc_column_text][\/vc_column][\/vc_row][vc_row tlg_text_align=&#8221;text-center&#8221; title=&#8221;Inscription en ligne&#8221; btn_link=&#8221;url:http%3A%2F%2Fwww.amilia.com%2Ftaz|||&#8221; btn_size=&#8221;&#8221; layout=&#8221;btn btn-filled&#8221; hover=&#8221;&#8221; icon=&#8221;ti-pencil&#8221; customize_button=&#8221;yes&#8221; btn_custom_layout=&#8221;btn btn-rounded&#8221; btn_color=&#8221;#c40000&#8243; btn_bg=&#8221;#ffffff&#8221; btn_border=&#8221;#c40000&#8243; btn_border_hover=&#8221;#c40000&#8243; btn_color_hover=&#8221;&#8221; btn_bg_hover=&#8221;&#8221;][vc_column]<div class=\"headings-title\"><div class=\"mb72  mb-xs-40 text-center\"><h5 style=\"color:#000000!important;\" class=\"widgettitle \">Registration<\/h5><div class=\"divider-wrap\"><i  class=\"ti-calendar\"><\/i><div class=\"tlg-divider\"><\/div><\/div><\/div><\/div>[vc_column_text css=&#8221;.vc_custom_1770830080390{padding-bottom: 35px !important;}&#8221;]<\/p>\n<div class=\"OlSOob\">\n<div class=\"ccvoYb EjH7wc\">\n<div class=\"AxqVh\">\n<div class=\"OPPzxe\">\n<div class=\"QcsUad BDJ8fb BLojaf\">\n<div class=\"usGWQd\" aria-live=\"polite\">\n<div class=\"KkbLmb\">\n<div class=\"lRu31\">\n<p style=\"text-align: center;\"><a href=\"https:\/\/loisirs.montreal.ca\/IC3\/#\/U5200\/search\/?searchParam=%7B%22filter%22:%7B%22isCollapsed%22:false,%22value%22:%7B%22sessionId%22:258%7D%7D,%22search%22:%22taz%22,%22sortable%22:%7B%22isOrderAsc%22:true,%22column%22:%22description%22%7D%7D\"><button style=\"color: #ffffff; background-color: #c40000; border: 1px solid #C40000; font-family: Montserrat; \/* width: 280px; *\/ padding: 12px; font-size: 12px; letter-spacing: 2px; font-weight: 600; white-space: nowrap;\" type=\"button\">ONLINE REGISTRATION<\/button><\/a><\/p>\n<p style=\"text-align: center;\"><span style=\"color: #ff0000;\"><strong>Registration date for summer 2026: Wednesday, February 11 at noon !<\/strong><\/span><\/p>\n<p><span class=\"jCAhz ChMk0b\"><span class=\"ryNqvb\">LOISIRS MONTR\u00c9AL PLATFORM<\/span><\/span><\/p>\n<\/div>\n<div class=\"lRu31\">\n<p><span class=\"HwtZe\" lang=\"en\"><span class=\"jCAhz ChMk0b\"><span class=\"ryNqvb\">Ville de Montreal requires that registration be done via the Loisirs Montr\u00e9al platform.<\/span><\/span> <span class=\"jCAhz ChMk0b\"><span class=\"ryNqvb\">In order to register, you must have a Loisirs Montr\u00e9al account or create one.<\/span><\/span> <span class=\"jCAhz ChMk0b\"><span class=\"ryNqvb\">In addition, to register, the parent and the child(ren) must have a valid library\/leisure card.<\/span><\/span> <span class=\"jCAhz ChMk0b\"><span class=\"ryNqvb\">In order to provide you with good support, the team has prepared a procedure for you, including a specific section for residents outside Ville de Montr\u00e9al (in french only) : <a href=\"https:\/\/www.taz.ca\/wp-content\/uploads\/2026\/02\/Procedure-dinscription-2026.pdf\">Proc\u00e9dure d&#8217;inscription 2026<\/a><\/span><\/span><\/span><\/p>\n<p><span class=\"jCAhz ChMk0b\"><span class=\"ryNqvb\">If you ever have any questions, we remain available to answer them.<\/span><\/span><br \/>\n<span class=\"jCAhz ChMk0b\"><span class=\"ryNqvb\">For telephone support, the customer service team is available Monday to Friday from 10 a.m. to 4 p.m.: 514 284-0051 x 101<\/span><\/span><\/p>\n<\/div>\n<div class=\"UdTY9 WdefRb\" aria-hidden=\"true\" data-location=\"2\"><\/div>\n<\/div>\n<\/div>\n<\/div>\n<\/div>\n<\/div>\n<\/div>\n<\/div>\n<nav class=\"VlPnLc\" aria-labelledby=\"ucj-9\">\n<h2 id=\"ucj-9\" class=\"oBOnKe\"><\/h2>\n<\/nav>\n<p>[\/vc_column_text][\/vc_column][\/vc_row][vc_row title=&#8221;Inscription en ligne&#8221; btn_link=&#8221;url:http%3A%2F%2Fwww.amilia.com%2Ftaz|||&#8221; btn_size=&#8221;&#8221; layout=&#8221;btn btn-filled&#8221; hover=&#8221;&#8221; icon=&#8221;ti-pencil&#8221; customize_button=&#8221;yes&#8221; btn_custom_layout=&#8221;btn btn-rounded&#8221; btn_color=&#8221;#c40000&#8243; btn_bg=&#8221;#ffffff&#8221; btn_border=&#8221;#c40000&#8243; btn_border_hover=&#8221;#c40000&#8243; btn_color_hover=&#8221;&#8221; btn_bg_hover=&#8221;&#8221;][vc_column][\/vc_column][\/vc_row]<\/p>\n<\/div>","protected":false},"excerpt":{"rendered":" CAMPS  TAZ day camp is a real sports immersion in the sport of skateboarding, BMX or scootering under the watchful eye of our specialized coaches. Each week allows ","protected":false},"author":1,"featured_media":0,"parent":0,"menu_order":0,"comment_status":"closed","ping_status":"closed","template":"","meta":{"footnotes":""},"class_list":["post-5038","page","type-page","status-publish","hentry"],"yoast_head":"<!-- This site is optimized with the Yoast SEO plugin v27.3 - https:\/\/yoast.com\/product\/yoast-seo-wordpress\/ -->\n<title>Camps - Taz<\/title>\n<meta name=\"robots\" content=\"index, follow, max-snippet:-1, max-image-preview:large, max-video-preview:-1\" \/>\n<link rel=\"canonical\" href=\"https:\/\/www.taz.ca\/en\/camps\/\" \/>\n<meta property=\"og:locale\" content=\"en_US\" \/>\n<meta property=\"og:type\" content=\"article\" \/>\n<meta property=\"og:title\" content=\"Camps - Taz\" \/>\n<meta property=\"og:description\" content=\"CAMPS TAZ day camp is a real sports immersion in the sport of skateboarding, BMX or scootering under the watchful eye of our specialized coaches. Each week allows\" \/>\n<meta property=\"og:url\" content=\"https:\/\/www.taz.ca\/en\/camps\/\" \/>\n<meta property=\"og:site_name\" content=\"Taz\" \/>\n<meta property=\"article:modified_time\" content=\"2026-03-11T19:34:12+00:00\" \/>\n<meta property=\"og:image\" content=\"https:\/\/res.cloudinary.com\/villemontreal\/image\/upload\/w_1200,h_1200,c_limit\/f_auto,dpr_auto,q_auto\/v1\/portail\/mcrfcikd0cbq5yqpaqb5.png\" \/>\n<meta name=\"twitter:card\" content=\"summary_large_image\" \/>\n<meta name=\"twitter:label1\" content=\"Est. reading time\" \/>\n\t<meta name=\"twitter:data1\" content=\"3 minutes\" \/>\n<script type=\"application\/ld+json\" class=\"yoast-schema-graph\">{\"@context\":\"https:\\\/\\\/schema.org\",\"@graph\":[{\"@type\":\"WebPage\",\"@id\":\"https:\\\/\\\/www.taz.ca\\\/en\\\/camps\\\/\",\"url\":\"https:\\\/\\\/www.taz.ca\\\/en\\\/camps\\\/\",\"name\":\"Camps - Taz\",\"isPartOf\":{\"@id\":\"https:\\\/\\\/www.taz.ca\\\/#website\"},\"primaryImageOfPage\":{\"@id\":\"https:\\\/\\\/www.taz.ca\\\/en\\\/camps\\\/#primaryimage\"},\"image\":{\"@id\":\"https:\\\/\\\/www.taz.ca\\\/en\\\/camps\\\/#primaryimage\"},\"thumbnailUrl\":\"https:\\\/\\\/res.cloudinary.com\\\/villemontreal\\\/image\\\/upload\\\/w_1200,h_1200,c_limit\\\/f_auto,dpr_auto,q_auto\\\/v1\\\/portail\\\/mcrfcikd0cbq5yqpaqb5.png\",\"datePublished\":\"2017-09-15T14:58:00+00:00\",\"dateModified\":\"2026-03-11T19:34:12+00:00\",\"breadcrumb\":{\"@id\":\"https:\\\/\\\/www.taz.ca\\\/en\\\/camps\\\/#breadcrumb\"},\"inLanguage\":\"en-US\",\"potentialAction\":[{\"@type\":\"ReadAction\",\"target\":[\"https:\\\/\\\/www.taz.ca\\\/en\\\/camps\\\/\"]}]},{\"@type\":\"ImageObject\",\"inLanguage\":\"en-US\",\"@id\":\"https:\\\/\\\/www.taz.ca\\\/en\\\/camps\\\/#primaryimage\",\"url\":\"https:\\\/\\\/res.cloudinary.com\\\/villemontreal\\\/image\\\/upload\\\/w_1200,h_1200,c_limit\\\/f_auto,dpr_auto,q_auto\\\/v1\\\/portail\\\/mcrfcikd0cbq5yqpaqb5.png\",\"contentUrl\":\"https:\\\/\\\/res.cloudinary.com\\\/villemontreal\\\/image\\\/upload\\\/w_1200,h_1200,c_limit\\\/f_auto,dpr_auto,q_auto\\\/v1\\\/portail\\\/mcrfcikd0cbq5yqpaqb5.png\"},{\"@type\":\"BreadcrumbList\",\"@id\":\"https:\\\/\\\/www.taz.ca\\\/en\\\/camps\\\/#breadcrumb\",\"itemListElement\":[{\"@type\":\"ListItem\",\"position\":1,\"name\":\"Accueil\",\"item\":\"https:\\\/\\\/www.taz.ca\\\/\"},{\"@type\":\"ListItem\",\"position\":2,\"name\":\"Camps\"}]},{\"@type\":\"WebSite\",\"@id\":\"https:\\\/\\\/www.taz.ca\\\/#website\",\"url\":\"https:\\\/\\\/www.taz.ca\\\/\",\"name\":\"Taz\",\"description\":\"\",\"potentialAction\":[{\"@type\":\"SearchAction\",\"target\":{\"@type\":\"EntryPoint\",\"urlTemplate\":\"https:\\\/\\\/www.taz.ca\\\/?s={search_term_string}\"},\"query-input\":{\"@type\":\"PropertyValueSpecification\",\"valueRequired\":true,\"valueName\":\"search_term_string\"}}],\"inLanguage\":\"en-US\"}]}<\/script>\n<!-- \/ Yoast SEO plugin. -->","yoast_head_json":{"title":"Camps - Taz","robots":{"index":"index","follow":"follow","max-snippet":"max-snippet:-1","max-image-preview":"max-image-preview:large","max-video-preview":"max-video-preview:-1"},"canonical":"https:\/\/www.taz.ca\/en\/camps\/","og_locale":"en_US","og_type":"article","og_title":"Camps - Taz","og_description":"CAMPS TAZ day camp is a real sports immersion in the sport of skateboarding, BMX or scootering under the watchful eye of our specialized coaches. Each week allows","og_url":"https:\/\/www.taz.ca\/en\/camps\/","og_site_name":"Taz","article_modified_time":"2026-03-11T19:34:12+00:00","og_image":[{"url":"https:\/\/res.cloudinary.com\/villemontreal\/image\/upload\/w_1200,h_1200,c_limit\/f_auto,dpr_auto,q_auto\/v1\/portail\/mcrfcikd0cbq5yqpaqb5.png","type":"","width":"","height":""}],"twitter_card":"summary_large_image","twitter_misc":{"Est. reading time":"3 minutes"},"schema":{"@context":"https:\/\/schema.org","@graph":[{"@type":"WebPage","@id":"https:\/\/www.taz.ca\/en\/camps\/","url":"https:\/\/www.taz.ca\/en\/camps\/","name":"Camps - Taz","isPartOf":{"@id":"https:\/\/www.taz.ca\/#website"},"primaryImageOfPage":{"@id":"https:\/\/www.taz.ca\/en\/camps\/#primaryimage"},"image":{"@id":"https:\/\/www.taz.ca\/en\/camps\/#primaryimage"},"thumbnailUrl":"https:\/\/res.cloudinary.com\/villemontreal\/image\/upload\/w_1200,h_1200,c_limit\/f_auto,dpr_auto,q_auto\/v1\/portail\/mcrfcikd0cbq5yqpaqb5.png","datePublished":"2017-09-15T14:58:00+00:00","dateModified":"2026-03-11T19:34:12+00:00","breadcrumb":{"@id":"https:\/\/www.taz.ca\/en\/camps\/#breadcrumb"},"inLanguage":"en-US","potentialAction":[{"@type":"ReadAction","target":["https:\/\/www.taz.ca\/en\/camps\/"]}]},{"@type":"ImageObject","inLanguage":"en-US","@id":"https:\/\/www.taz.ca\/en\/camps\/#primaryimage","url":"https:\/\/res.cloudinary.com\/villemontreal\/image\/upload\/w_1200,h_1200,c_limit\/f_auto,dpr_auto,q_auto\/v1\/portail\/mcrfcikd0cbq5yqpaqb5.png","contentUrl":"https:\/\/res.cloudinary.com\/villemontreal\/image\/upload\/w_1200,h_1200,c_limit\/f_auto,dpr_auto,q_auto\/v1\/portail\/mcrfcikd0cbq5yqpaqb5.png"},{"@type":"BreadcrumbList","@id":"https:\/\/www.taz.ca\/en\/camps\/#breadcrumb","itemListElement":[{"@type":"ListItem","position":1,"name":"Accueil","item":"https:\/\/www.taz.ca\/"},{"@type":"ListItem","position":2,"name":"Camps"}]},{"@type":"WebSite","@id":"https:\/\/www.taz.ca\/#website","url":"https:\/\/www.taz.ca\/","name":"Taz","description":"","potentialAction":[{"@type":"SearchAction","target":{"@type":"EntryPoint","urlTemplate":"https:\/\/www.taz.ca\/?s={search_term_string}"},"query-input":{"@type":"PropertyValueSpecification","valueRequired":true,"valueName":"search_term_string"}}],"inLanguage":"en-US"}]}},"_links":{"self":[{"href":"https:\/\/www.taz.ca\/en\/wp-json\/wp\/v2\/pages\/5038","targetHints":{"allow":["GET"]}}],"collection":[{"href":"https:\/\/www.taz.ca\/en\/wp-json\/wp\/v2\/pages"}],"about":[{"href":"https:\/\/www.taz.ca\/en\/wp-json\/wp\/v2\/types\/page"}],"author":[{"embeddable":true,"href":"https:\/\/www.taz.ca\/en\/wp-json\/wp\/v2\/users\/1"}],"replies":[{"embeddable":true,"href":"https:\/\/www.taz.ca\/en\/wp-json\/wp\/v2\/comments?post=5038"}],"version-history":[{"count":4,"href":"https:\/\/www.taz.ca\/en\/wp-json\/wp\/v2\/pages\/5038\/revisions"}],"predecessor-version":[{"id":12934,"href":"https:\/\/www.taz.ca\/en\/wp-json\/wp\/v2\/pages\/5038\/revisions\/12934"}],"wp:attachment":[{"href":"https:\/\/www.taz.ca\/en\/wp-json\/wp\/v2\/media?parent=5038"}],"curies":[{"name":"wp","href":"https:\/\/api.w.org\/{rel}","templated":true}]}}